{"id":5397,"date":"2023-11-06T10:53:03","date_gmt":"2023-11-06T10:53:03","guid":{"rendered":"https:\/\/www.eduqaterapias.es\/?page_id=5397"},"modified":"2023-11-06T10:53:06","modified_gmt":"2023-11-06T10:53:06","slug":"accesibilidad","status":"publish","type":"page","link":"https:\/\/www.eduqaterapias.es\/en\/accesibilidad\/","title":{"rendered":"Accessibility"},"content":{"rendered":"<p>[et_pb_section fb_built=\u00bb1&#8243; _builder_version=\u00bb4.19.5&#8243; _module_preset=\u00bbdefault\u00bb custom_padding=\u00bb0px||0px||false|false\u00bb global_colors_info=\u00bb{}\u00bb][et_pb_row _builder_version=\u00bb4.20.2&#8243; _module_preset=\u00bbdefault\u00bb global_colors_info=\u00bb{}\u00bb][et_pb_column type=\u00bb4_4&#8243; _builder_version=\u00bb4.20.2&#8243; _module_preset=\u00bbdefault\u00bb global_colors_info=\u00bb{}\u00bb][et_pb_text _builder_version=\u00bb4.20.2&#8243; _module_preset=\u00bbdefault\u00bb text_font=\u00bbRubik|500|||||||\u00bb text_text_color=\u00bb#75787B\u00bb text_font_size=\u00bb20px\u00bb text_line_height=\u00bb2em\u00bb header_2_font=\u00bbVAGRoundedStd|700||on|||||\u00bb header_2_text_color=\u00bb#A6192E\u00bb header_2_font_size=\u00bb40px\u00bb header_2_letter_spacing=\u00bb6px\u00bb header_2_line_height=\u00bb1.4em\u00bb hover_enabled=\u00bb0&#8243; inline_fonts=\u00bbRubik\u00bb global_colors_info=\u00bb{}\u00bb sticky_enabled=\u00bb0&#8243;]<\/p>\n<h3 style=\"text-align: center;\"><span style=\"font-size: xx-large; color: #a6192e;\"><strong><span style=\"font-family: Rubik;\">Declaraci\u00f3n de accesibilidad<\/span><\/strong><\/span><\/h3>\n<p>Este sitio web es parcialmente conforme con UNE-EN 301 549 debido a la falta de conformidad del aspecto\/de los aspectos que se indican a continuaci\u00f3n.<\/p>\n<ul>\n<li>1.6 Separaci\u00f3n de contenido y presentaci\u00f3n<\/li>\n<li>1.14 Compatibilidad<\/li>\n<li>2.2 Legibilidad y contraste<\/li>\n<li>2.5 Independencia del dispositivo<\/li>\n<\/ul>\n<p>[\/et_pb_text][\/et_pb_column][\/et_pb_row][\/et_pb_section]<\/p>\n","protected":false},"excerpt":{"rendered":"<p>Declaraci\u00f3n de accesibilidad Este sitio web es parcialmente conforme con UNE-EN 301 549 debido a la falta de conformidad del aspecto\/de los aspectos que se indican a continuaci\u00f3n. 1.6 Separaci\u00f3n de contenido y presentaci\u00f3n 1.14 Compatibilidad 2.2 Legibilidad y contraste 2.5 Independencia del dispositivo<\/p>","protected":false},"author":17,"featured_media":0,"parent":0,"menu_order":0,"comment_status":"closed","ping_status":"closed","template":"","meta":{"_et_pb_use_builder":"on","_et_pb_old_content":"","_et_gb_content_width":"","_monsterinsights_skip_tracking":false,"_monsterinsights_sitenote_active":false,"_monsterinsights_sitenote_note":"","_monsterinsights_sitenote_category":0,"footnotes":""},"class_list":["post-5397","page","type-page","status-publish","hentry"],"_links":{"self":[{"href":"https:\/\/www.eduqaterapias.es\/en\/wp-json\/wp\/v2\/pages\/5397","targetHints":{"allow":["GET"]}}],"collection":[{"href":"https:\/\/www.eduqaterapias.es\/en\/wp-json\/wp\/v2\/pages"}],"about":[{"href":"https:\/\/www.eduqaterapias.es\/en\/wp-json\/wp\/v2\/types\/page"}],"author":[{"embeddable":true,"href":"https:\/\/www.eduqaterapias.es\/en\/wp-json\/wp\/v2\/users\/17"}],"replies":[{"embeddable":true,"href":"https:\/\/www.eduqaterapias.es\/en\/wp-json\/wp\/v2\/comments?post=5397"}],"version-history":[{"count":2,"href":"https:\/\/www.eduqaterapias.es\/en\/wp-json\/wp\/v2\/pages\/5397\/revisions"}],"predecessor-version":[{"id":5400,"href":"https:\/\/www.eduqaterapias.es\/en\/wp-json\/wp\/v2\/pages\/5397\/revisions\/5400"}],"wp:attachment":[{"href":"https:\/\/www.eduqaterapias.es\/en\/wp-json\/wp\/v2\/media?parent=5397"}],"curies":[{"name":"wp","href":"https:\/\/api.w.org\/{rel}","templated":true}]}}