{"id":5352,"date":"2023-12-27T08:57:13","date_gmt":"2023-12-27T08:57:13","guid":{"rendered":"https:\/\/www.eduqaterapias.es\/?page_id=5352"},"modified":"2024-02-13T11:16:31","modified_gmt":"2024-02-13T11:16:31","slug":"psicomotricidad-vivencial","status":"publish","type":"page","link":"https:\/\/www.eduqaterapias.es\/en\/psicomotricidad-vivencial\/","title":{"rendered":"Experiential psychomotor skills"},"content":{"rendered":"<p>[et_pb_section fb_built=\u00bb1&#8243; _builder_version=\u00bb4.20.2&#8243; _module_preset=\u00bbdefault\u00bb custom_padding=\u00bb0px||0px||false|false\u00bb global_colors_info=\u00bb{}\u00bb][et_pb_row _builder_version=\u00bb4.20.2&#8243; _module_preset=\u00bbdefault\u00bb width=\u00bb67%\u00bb max_width=\u00bb1405px\u00bb custom_padding=\u00bb39px|||||\u00bb global_colors_info=\u00bb{}\u00bb][et_pb_column type=\u00bb4_4&#8243; _builder_version=\u00bb4.20.2&#8243; _module_preset=\u00bbdefault\u00bb global_colors_info=\u00bb{}\u00bb][et_pb_text _builder_version=\u00bb4.20.2&#8243; _module_preset=\u00bbdefault\u00bb text_font=\u00bbRubik|500|||||||\u00bb text_text_color=\u00bb#75787B\u00bb text_font_size=\u00bb20px\u00bb text_line_height=\u00bb2em\u00bb header_2_font=\u00bbVAGRoundedStd|700||on|||||\u00bb header_2_text_color=\u00bb#A6192E\u00bb header_2_font_size=\u00bb40px\u00bb header_2_letter_spacing=\u00bb6px\u00bb header_2_line_height=\u00bb1.4em\u00bb min_height=\u00bb29px\u00bb inline_fonts=\u00bbRubik\u00bb global_colors_info=\u00bb{}\u00bb]<\/p>\n<h3 style=\"text-align: center;\"><strong><span style=\"font-family: Rubik; font-size: xx-large; color: #a6192e;\">PSICOMOTRICIDAD VIVENCIAL<\/span><\/strong><\/h3>\n<p>[\/et_pb_text][\/et_pb_column][\/et_pb_row][et_pb_row _builder_version=\u00bb4.20.2&#8243; _module_preset=\u00bbdefault\u00bb background_color=\u00bb#c11d2d\u00bb width=\u00bb100%\u00bb max_width=\u00bb2560px\u00bb global_colors_info=\u00bb{}\u00bb][et_pb_column type=\u00bb4_4&#8243; _builder_version=\u00bb4.20.2&#8243; _module_preset=\u00bbdefault\u00bb global_colors_info=\u00bb{}\u00bb][et_pb_text admin_label=\u00bbh4&#8243; _builder_version=\u00bb4.20.2&#8243; _module_preset=\u00bbdefault\u00bb custom_padding=\u00bb11px|||||\u00bb global_colors_info=\u00bb{}\u00bb]<\/p>\n<h4 style=\"text-align: center; font-size: x-large; font-family: Rubik; color: #ffffff; line-height: 35px;\">Los ni\u00f1os desarrollan lo motriz, lo cognitivo y lo afectivo<br \/>expresando todas estas dimensiones a trav\u00e9s del juego<\/h4>\n<p>[\/et_pb_text][\/et_pb_column][\/et_pb_row][et_pb_row column_structure=\u00bb1_2,1_2&#8243; disabled_on=\u00bbon|on|off\u00bb _builder_version=\u00bb4.20.2&#8243; _module_preset=\u00bbdefault\u00bb width=\u00bb67%\u00bb max_width=\u00bb1405px\u00bb custom_padding=\u00bb62px|||||\u00bb global_colors_info=\u00bb{}\u00bb][et_pb_column type=\u00bb1_2&#8243; _builder_version=\u00bb4.20.2&#8243; _module_preset=\u00bbdefault\u00bb global_colors_info=\u00bb{}\u00bb][et_pb_text _builder_version=\u00bb4.20.2&#8243; _module_preset=\u00bbdefault\u00bb text_font=\u00bbRubik|500|||||||\u00bb text_text_color=\u00bb#75787B\u00bb text_font_size=\u00bb16px\u00bb text_line_height=\u00bb2em\u00bb header_2_font=\u00bbVAGRoundedStd|700||on|||||\u00bb header_2_text_color=\u00bb#A6192E\u00bb header_2_font_size=\u00bb40px\u00bb header_2_letter_spacing=\u00bb6px\u00bb header_2_line_height=\u00bb1.4em\u00bb width=\u00bb100%\u00bb min_height=\u00bb252px\u00bb custom_padding=\u00bb18px||0px|||\u00bb inline_fonts=\u00bbRubik\u00bb global_colors_info=\u00bb{}\u00bb]<\/p>\n<p>Esta actividad terap\u00e9utica est\u00e1 dirigida a ni\u00f1os de 0 a 9 a\u00f1os. A trav\u00e9s del juego el ni\u00f1o explora y se relaciona libremente con objetos, consigo mismo y con otros ni\u00f1os. El psicomotricista valora la actividad del ni\u00f1o, previniendo dificultades e interviniendo para un desarrollo equilibrado.<\/p>\n<p>[\/et_pb_text][\/et_pb_column][et_pb_column type=\u00bb1_2&#8243; _builder_version=\u00bb4.20.2&#8243; _module_preset=\u00bbdefault\u00bb global_colors_info=\u00bb{}\u00bb][et_pb_image src=\u00bbhttps:\/\/www.eduqaterapias.es\/wp-content\/uploads\/2023\/09\/psicologia.jpg\u00bb alt=\u00bbpsicologia\u00bb title_text=\u00bbpsicologia\u00bb _builder_version=\u00bb4.20.2&#8243; _module_preset=\u00bbdefault\u00bb width=\u00bb100%\u00bb max_width=\u00bb100%\u00bb border_radii=\u00bbon|15px|15px|15px|15px\u00bb box_shadow_style=\u00bbpreset1&#8243; global_colors_info=\u00bb{}\u00bb][\/et_pb_image][\/et_pb_column][\/et_pb_row][et_pb_row _builder_version=\u00bb4.20.2&#8243; _module_preset=\u00bbdefault\u00bb min_height=\u00bb218px\u00bb custom_padding=\u00bb0px||0px|||\u00bb collapsed=\u00bboff\u00bb global_colors_info=\u00bb{}\u00bb][et_pb_column type=\u00bb4_4&#8243; _builder_version=\u00bb4.20.2&#8243; _module_preset=\u00bbdefault\u00bb global_colors_info=\u00bb{}\u00bb][et_pb_code _builder_version=\u00bb4.20.2&#8243; _module_preset=\u00bbdefault\u00bb custom_padding=\u00bb36px|||0px||\u00bb global_colors_info=\u00bb{}\u00bb]<\/p>\n<div class=\"custom-contact\" style=\"display:flex;flex-direction:row;color:#c11d2d;justify-content:center;\"><!-- [et_pb_line_break_holder] -->  <!-- [et_pb_line_break_holder] -->  \t<\/p>\n<div class=\"et-pb-icon\">\ue090<\/div>\n<p><!-- [et_pb_line_break_holder] -->    <\/p>\n<div class=\"custom-text\" style=\"font-family:'Rubik';font-size:25px;margin:15px 0 0 15px;\"><!-- [et_pb_line_break_holder] -->        <pee>Ll\u00e1manos al<\/pee><!-- [et_pb_line_break_holder] -->        <pee style=\"font-size: 35px; margin-top: -20px;\">\t\t<strong>603271024<\/strong><\/pee><!-- [et_pb_line_break_holder] -->    <\/div>\n<p><!-- [et_pb_line_break_holder] --><\/div>\n<p>[\/et_pb_code][\/et_pb_column][\/et_pb_row][\/et_pb_section]<\/p>\n","protected":false},"excerpt":{"rendered":"<p>PSICOMOTRICIDAD VIVENCIALLos ni\u00f1os desarrollan lo motriz, lo cognitivo y lo afectivoexpresando todas estas dimensiones a trav\u00e9s del juegoEsta actividad terap\u00e9utica est\u00e1 dirigida a ni\u00f1os de 0 a 9 a\u00f1os. A trav\u00e9s del juego el ni\u00f1o explora y se relaciona libremente con objetos, consigo mismo y con otros ni\u00f1os. El psicomotricista valora la actividad del ni\u00f1o, [&hellip;]<\/p>\n","protected":false},"author":17,"featured_media":0,"parent":0,"menu_order":0,"comment_status":"closed","ping_status":"closed","template":"","meta":{"_et_pb_use_builder":"on","_et_pb_old_content":"","_et_gb_content_width":"","_monsterinsights_skip_tracking":false,"_monsterinsights_sitenote_active":false,"_monsterinsights_sitenote_note":"","_monsterinsights_sitenote_category":0,"footnotes":""},"class_list":["post-5352","page","type-page","status-publish","hentry"],"_links":{"self":[{"href":"https:\/\/www.eduqaterapias.es\/en\/wp-json\/wp\/v2\/pages\/5352","targetHints":{"allow":["GET"]}}],"collection":[{"href":"https:\/\/www.eduqaterapias.es\/en\/wp-json\/wp\/v2\/pages"}],"about":[{"href":"https:\/\/www.eduqaterapias.es\/en\/wp-json\/wp\/v2\/types\/page"}],"author":[{"embeddable":true,"href":"https:\/\/www.eduqaterapias.es\/en\/wp-json\/wp\/v2\/users\/17"}],"replies":[{"embeddable":true,"href":"https:\/\/www.eduqaterapias.es\/en\/wp-json\/wp\/v2\/comments?post=5352"}],"version-history":[{"count":5,"href":"https:\/\/www.eduqaterapias.es\/en\/wp-json\/wp\/v2\/pages\/5352\/revisions"}],"predecessor-version":[{"id":5523,"href":"https:\/\/www.eduqaterapias.es\/en\/wp-json\/wp\/v2\/pages\/5352\/revisions\/5523"}],"wp:attachment":[{"href":"https:\/\/www.eduqaterapias.es\/en\/wp-json\/wp\/v2\/media?parent=5352"}],"curies":[{"name":"wp","href":"https:\/\/api.w.org\/{rel}","templated":true}]}}