{"id":4689,"date":"2023-02-27T13:00:10","date_gmt":"2023-02-27T13:00:10","guid":{"rendered":"http:\/\/www.eduqaterapias.es\/?page_id=4689"},"modified":"2025-02-11T15:52:03","modified_gmt":"2025-02-11T15:52:03","slug":"sobre-nosotros","status":"publish","type":"page","link":"https:\/\/www.eduqaterapias.es\/en\/sobre-nosotros\/","title":{"rendered":"About us"},"content":{"rendered":"<p>[et_pb_section fb_built=\u00bb1&#8243; _builder_version=\u00bb4.19.5&#8243; _module_preset=\u00bbdefault\u00bb custom_padding=\u00bb0px||0px||false|false\u00bb global_colors_info=\u00bb{}\u00bb][et_pb_row column_structure=\u00bb1_2,1_2&#8243; _builder_version=\u00bb4.20.2&#8243; _module_preset=\u00bbdefault\u00bb width=\u00bb67%\u00bb max_width=\u00bb1405px\u00bb global_colors_info=\u00bb{}\u00bb][et_pb_column type=\u00bb1_2&#8243; _builder_version=\u00bb4.20.2&#8243; _module_preset=\u00bbdefault\u00bb global_colors_info=\u00bb{}\u00bb][et_pb_text _builder_version=\u00bb4.20.2&#8243; _module_preset=\u00bbdefault\u00bb text_font=\u00bbRubik|500|||||||\u00bb text_text_color=\u00bb#75787B\u00bb text_font_size=\u00bb20px\u00bb text_line_height=\u00bb2em\u00bb header_2_font=\u00bbVAGRoundedStd|700||on|||||\u00bb header_2_text_color=\u00bb#A6192E\u00bb header_2_font_size=\u00bb40px\u00bb header_2_letter_spacing=\u00bb6px\u00bb header_2_line_height=\u00bb1.4em\u00bb inline_fonts=\u00bbRubik\u00bb global_colors_info=\u00bb{}\u00bb]<\/p>\n<h3 style=\"text-align: center;\"><strong><span style=\"font-family: Rubik; font-size: xx-large; color: #a6192e;\">\u00bfQu\u00e9 es eduqa?<\/span><\/strong><\/h3>\n<p>eduqa es un centro de terapias infanto-juvenil que desde hace 15 a\u00f1os vela por la salud mental y el desarrollo integral de ni\u00f1os y j\u00f3venes. En el CEDIT (Centro eduqa de desarrollo infanto-juvenil y terapias) nos ocupamos de trabajar con las familias desde una perspectiva terap\u00e9utica multidisciplinar, con el objetivo de buscar la mejor manera de favorecer el bienestar tanto cognitivo, como emocional, de los menores y de sus familias.<\/p>\n<p>[\/et_pb_text][\/et_pb_column][et_pb_column type=\u00bb1_2&#8243; _builder_version=\u00bb4.20.2&#8243; _module_preset=\u00bbdefault\u00bb global_colors_info=\u00bb{}\u00bb][et_pb_image src=\u00bbhttps:\/\/www.eduqaterapias.es\/wp-content\/uploads\/2023\/09\/eduqa_GRUPO_-1.png\u00bb title_text=\u00bbeduqa_GRUPO_\u00bb url=\u00bbhttps:\/\/eduqa.es\/\u00bb url_new_window=\u00bbon\u00bb align=\u00bbcenter\u00bb _builder_version=\u00bb4.20.2&#8243; _module_preset=\u00bbdefault\u00bb width=\u00bb100%\u00bb max_width=\u00bb100%\u00bb custom_margin=\u00bb59px||||false|false\u00bb global_colors_info=\u00bb{}\u00bb][\/et_pb_image][\/et_pb_column][\/et_pb_row][et_pb_row column_structure=\u00bb1_2,1_2&#8243; disabled_on=\u00bbon|on|off\u00bb _builder_version=\u00bb4.20.2&#8243; _module_preset=\u00bbdefault\u00bb width=\u00bb67%\u00bb max_width=\u00bb1405px\u00bb global_colors_info=\u00bb{}\u00bb][et_pb_column type=\u00bb1_2&#8243; _builder_version=\u00bb4.20.2&#8243; _module_preset=\u00bbdefault\u00bb global_colors_info=\u00bb{}\u00bb][et_pb_image src=\u00bbhttps:\/\/www.eduqaterapias.es\/wp-content\/uploads\/2023\/04\/ninos_eduqa_sentados-1-scaled.jpg\u00bb alt=\u00bbni\u00f1as sentadas puerta eduqa la moraleja\u00bb title_text=\u00bbni\u00f1os_eduqa_sentados\u00bb _builder_version=\u00bb4.20.2&#8243; _module_preset=\u00bbdefault\u00bb width=\u00bb100%\u00bb max_width=\u00bb100%\u00bb global_colors_info=\u00bb{}\u00bb][\/et_pb_image][\/et_pb_column][et_pb_column type=\u00bb1_2&#8243; _builder_version=\u00bb4.20.2&#8243; _module_preset=\u00bbdefault\u00bb global_colors_info=\u00bb{}\u00bb][et_pb_text _builder_version=\u00bb4.20.2&#8243; _module_preset=\u00bbdefault\u00bb text_font=\u00bbRubik|500|||||||\u00bb text_text_color=\u00bb#75787B\u00bb text_font_size=\u00bb20px\u00bb text_line_height=\u00bb2em\u00bb header_2_font=\u00bbVAGRoundedStd|700||on|||||\u00bb header_2_text_color=\u00bb#A6192E\u00bb header_2_font_size=\u00bb40px\u00bb header_2_letter_spacing=\u00bb6px\u00bb header_2_line_height=\u00bb1.4em\u00bb inline_fonts=\u00bbRubik\u00bb global_colors_info=\u00bb{}\u00bb]<\/p>\n<h3 style=\"text-align: center;\"><strong><span style=\"font-family: Rubik; font-size: xx-large; color: #a6192e;\">Nuestra historia<\/span><\/strong><\/h3>\n<p>Grupo eduqa es fruto de la inquietud de sus fundadores por ofrecer un lugar donde la salud mental se mire desde un punto de vista multidimensional, para los ni\u00f1os hasta los 12 a\u00f1os de edad. Un sitio en el que encontrar una respuesta a las diferentes dificultades de la vida (acad\u00e9micas, emocionales, biol\u00f3gicas, de desarrollo\u2026) desde una perspectiva hol\u00edstica e integral.<\/p>\n<p>[\/et_pb_text][\/et_pb_column][\/et_pb_row][et_pb_row column_structure=\u00bb1_2,1_2&#8243; disabled_on=\u00bboff|off|on\u00bb _builder_version=\u00bb4.20.2&#8243; _module_preset=\u00bbdefault\u00bb width=\u00bb67%\u00bb max_width=\u00bb1405px\u00bb global_colors_info=\u00bb{}\u00bb][et_pb_column type=\u00bb1_2&#8243; _builder_version=\u00bb4.20.2&#8243; _module_preset=\u00bbdefault\u00bb global_colors_info=\u00bb{}\u00bb][et_pb_text _builder_version=\u00bb4.20.2&#8243; _module_preset=\u00bbdefault\u00bb text_font=\u00bbRubik|500|||||||\u00bb text_text_color=\u00bb#75787B\u00bb text_font_size=\u00bb20px\u00bb text_line_height=\u00bb2em\u00bb header_2_font=\u00bbVAGRoundedStd|700||on|||||\u00bb header_2_text_color=\u00bb#A6192E\u00bb header_2_font_size=\u00bb40px\u00bb header_2_letter_spacing=\u00bb6px\u00bb header_2_line_height=\u00bb1.4em\u00bb custom_padding=\u00bb||0px|||\u00bb inline_fonts=\u00bbRubik\u00bb global_colors_info=\u00bb{}\u00bb]<\/p>\n<h3 style=\"text-align: center;\"><span style=\"color: #a6192e;\"><strong><span style=\"font-family: Rubik; font-size: xx-large;\">Nuestra historia<\/span><\/strong><\/span><\/h3>\n<p>Grupo eduqa es fruto de la inquietud de sus fundadores por ofrecer un lugar donde la salud mental se mire desde un punto de vista multidimensional, para los ni\u00f1os hasta los 12 a\u00f1os de edad. Un sitio en el que encontrar una respuesta a las diferentes dificultades de la vida (acad\u00e9micas, emocionales, biol\u00f3gicas, de desarrollo\u2026) desde una perspectiva hol\u00edstica e integral. \u00a0<\/p>\n<p>[\/et_pb_text][\/et_pb_column][et_pb_column type=\u00bb1_2&#8243; _builder_version=\u00bb4.20.2&#8243; _module_preset=\u00bbdefault\u00bb global_colors_info=\u00bb{}\u00bb][et_pb_image src=\u00bbhttps:\/\/www.eduqaterapias.es\/wp-content\/uploads\/2023\/04\/ninos_eduqa_sentados-scaled.jpg\u00bb alt=\u00bbNi\u00f1as sentadas en la puerta de eduqa la moraleja\u00bb title_text=\u00bbni\u00f1os_eduqa_sentados\u00bb _builder_version=\u00bb4.20.2&#8243; _module_preset=\u00bbdefault\u00bb width=\u00bb100%\u00bb max_width=\u00bb100%\u00bb global_colors_info=\u00bb{}\u00bb][\/et_pb_image][\/et_pb_column][\/et_pb_row][\/et_pb_section]<\/p>\n","protected":false},"excerpt":{"rendered":"<p>\u00bfQu\u00e9 es eduqa? eduqa es un centro de terapias infanto-juvenil que desde hace 15 a\u00f1os vela por la salud mental y el desarrollo integral de ni\u00f1os y j\u00f3venes. En el CEDIT (Centro eduqa de desarrollo infanto-juvenil y terapias) nos ocupamos de trabajar con las familias desde una perspectiva terap\u00e9utica multidisciplinar, con el objetivo de buscar [&hellip;]<\/p>\n","protected":false},"author":17,"featured_media":0,"parent":0,"menu_order":0,"comment_status":"closed","ping_status":"closed","template":"","meta":{"_et_pb_use_builder":"on","_et_pb_old_content":"","_et_gb_content_width":"","_monsterinsights_skip_tracking":false,"_monsterinsights_sitenote_active":false,"_monsterinsights_sitenote_note":"","_monsterinsights_sitenote_category":0,"footnotes":""},"class_list":["post-4689","page","type-page","status-publish","hentry"],"_links":{"self":[{"href":"https:\/\/www.eduqaterapias.es\/en\/wp-json\/wp\/v2\/pages\/4689","targetHints":{"allow":["GET"]}}],"collection":[{"href":"https:\/\/www.eduqaterapias.es\/en\/wp-json\/wp\/v2\/pages"}],"about":[{"href":"https:\/\/www.eduqaterapias.es\/en\/wp-json\/wp\/v2\/types\/page"}],"author":[{"embeddable":true,"href":"https:\/\/www.eduqaterapias.es\/en\/wp-json\/wp\/v2\/users\/17"}],"replies":[{"embeddable":true,"href":"https:\/\/www.eduqaterapias.es\/en\/wp-json\/wp\/v2\/comments?post=4689"}],"version-history":[{"count":47,"href":"https:\/\/www.eduqaterapias.es\/en\/wp-json\/wp\/v2\/pages\/4689\/revisions"}],"predecessor-version":[{"id":5554,"href":"https:\/\/www.eduqaterapias.es\/en\/wp-json\/wp\/v2\/pages\/4689\/revisions\/5554"}],"wp:attachment":[{"href":"https:\/\/www.eduqaterapias.es\/en\/wp-json\/wp\/v2\/media?parent=4689"}],"curies":[{"name":"wp","href":"https:\/\/api.w.org\/{rel}","templated":true}]}}