{"id":4633,"date":"2023-02-27T12:00:50","date_gmt":"2023-02-27T12:00:50","guid":{"rendered":"http:\/\/www.eduqaterapias.es\/?page_id=4633"},"modified":"2023-11-06T12:27:54","modified_gmt":"2023-11-06T12:27:54","slug":"servicios-a-familias","status":"publish","type":"page","link":"https:\/\/www.eduqaterapias.es\/en\/servicios-a-familias\/","title":{"rendered":"Family Services"},"content":{"rendered":"<p>[et_pb_section fb_built=\u00bb1&#8243; disabled_on=\u00bboff|off|off\u00bb _builder_version=\u00bb4.19.5&#8243; _module_preset=\u00bbdefault\u00bb background_enable_image=\u00bboff\u00bb parallax=\u00bbon\u00bb custom_padding=\u00bb0px||||false|false\u00bb global_colors_info=\u00bb{}\u00bb][et_pb_row make_equal=\u00bbon\u00bb _builder_version=\u00bb4.20.2&#8243; _module_preset=\u00bbdefault\u00bb background_color=\u00bb#e8e6e5&#8243; background_enable_image=\u00bboff\u00bb parallax=\u00bbon\u00bb width=\u00bb100%\u00bb max_width=\u00bb2560px\u00bb custom_padding=\u00bb12px||2px||false|false\u00bb global_colors_info=\u00bb{}\u00bb][et_pb_column type=\u00bb4_4&#8243; _builder_version=\u00bb4.19.5&#8243; _module_preset=\u00bbdefault\u00bb global_colors_info=\u00bb{}\u00bb][et_pb_text _builder_version=\u00bb4.20.2&#8243; _module_preset=\u00bbdefault\u00bb text_font=\u00bbVAGRoundedStd||||||||\u00bb text_text_color=\u00bb#E87722&#8243; text_font_size=\u00bb25px\u00bb text_letter_spacing=\u00bb2px\u00bb header_font=\u00bbVAGRoundedStd|700|||||||\u00bb header_text_color=\u00bb#A6192E\u00bb header_font_size=\u00bb50px\u00bb custom_margin=\u00bb||||false|false\u00bb hover_enabled=\u00bb0&#8243; global_colors_info=\u00bb{}\u00bb sticky_enabled=\u00bb0&#8243;]<\/p>\n<p style=\"text-align: center;\">Servicios<\/p>\n<h1 style=\"text-align: center;\">A familias<\/h1>\n<p>[\/et_pb_text][\/et_pb_column][\/et_pb_row][et_pb_row column_structure=\u00bb1_3,1_3,1_3&#8243; _builder_version=\u00bb4.19.5&#8243; _module_preset=\u00bbdefault\u00bb width_last_edited=\u00bboff|tablet\u00bb max_width=\u00bb1761px\u00bb global_colors_info=\u00bb{}\u00bb][et_pb_column type=\u00bb1_3&#8243; _builder_version=\u00bb4.19.5&#8243; _module_preset=\u00bbdefault\u00bb global_colors_info=\u00bb{}\u00bb][et_pb_blurb alt=\u00bbClase padres atendiendo a profesor\u00bb icon_placement=\u00bbleft\u00bb font_icon_tablet=\u00bb,||divi||400&#8243; font_icon_phone=\u00bb,||divi||400&#8243; font_icon_last_edited=\u00bbon|desktop\u00bb disabled_on=\u00bboff|off|off\u00bb _builder_version=\u00bb4.20.2&#8243; _module_preset=\u00bbdefault\u00bb header_level=\u00bbh2&#8243; header_font=\u00bbVAGRoundedStd||||||||\u00bb header_text_align=\u00bbcenter\u00bb header_text_color=\u00bb#E87722&#8243; header_font_size=\u00bb39px\u00bb header_letter_spacing=\u00bb5px\u00bb header_line_height=\u00bb1.2em\u00bb body_text_color=\u00bb#FFFFFF\u00bb background_image=\u00bbhttps:\/\/www.eduqaterapias.es\/wp-content\/uploads\/2023\/04\/clase_padres_atendiendo_profesor-scaled.jpg\u00bb height=\u00bb325px\u00bb overflow-x=\u00bbhidden\u00bb overflow-y=\u00bbhidden\u00bb custom_margin=\u00bb0px||||false|false\u00bb custom_padding=\u00bb4%||||false|false\u00bb custom_padding_tablet=\u00bb89%||||false|false\u00bb custom_padding_phone=\u00bb89%||||false|false\u00bb custom_padding_last_edited=\u00bbon|desktop\u00bb mix_blend_mode=\u00bbsaturation\u00bb animation_style=\u00bbzoom\u00bb hover_transition_duration=\u00bb400ms\u00bb hover_transition_speed_curve=\u00bblinear\u00bb custom_css_main_element=\u00bbborder-radius: 25px;\u00bb header_text_shadow_style=\u00bbpreset5&#8243; header_text_shadow_color=\u00bb#000000&#8243; box_shadow_style=\u00bbpreset3&#8243; box_shadow_horizontal=\u00bb-12px\u00bb box_shadow_vertical=\u00bb0px\u00bb global_colors_info=\u00bb{}\u00bb font_icon__hover_enabled=\u00bbon|hover\u00bb font_icon__hover=\u00bbN||divi||400&#8243; background__hover_enabled=\u00bboff|desktop\u00bb use_background_color_gradient__hover=\u00bbon\u00bb background_color_gradient_stops__hover=\u00bb#d0d0ce 0%|rgba(0,0,0,0) 100%\u00bb background_color_gradient_direction__hover=\u00bb90deg\u00bb background_color_gradient_repeat__hover=\u00bboff\u00bb background_color_gradient_overlays_image__hover=\u00bbon\u00bb header_text_color__hover_enabled=\u00bbon|hover\u00bb header_text_color__hover=\u00bb#d0d0ce\u00bb custom_css_main_element__hover_enabled=\u00bbon|hover\u00bb custom_css_main_element__hover=\u00bbborder-radius: 25px;\u00bb content__hover_enabled=\u00bboff|desktop\u00bb custom_padding__hover_enabled=\u00bboff|desktop\u00bb custom_padding__hover=\u00bb4%||||false|false\u00bb][\/et_pb_blurb][et_pb_text _builder_version=\u00bb4.19.5&#8243; _module_preset=\u00bbdefault\u00bb text_text_color=\u00bb#000000&#8243; header_text_color=\u00bb#A6192E\u00bb header_font_size=\u00bb33px\u00bb custom_padding=\u00bb||3px|||\u00bb global_colors_info=\u00bb{}\u00bb content__hover_enabled=\u00bboff|hover\u00bb content__hover=\u00bb<\/p>\n<h1 style=%22text-align: center;%22>Psicolog\u00eda educativa<\/h1>\n<p>Your content goes here. Edit or remove this text inline or in the module Content settings. You can also style every aspect of this content in the module Design settings and even apply custom CSS to this text in the module Advanced settings.<\/p>\n<p>\u00ab]<\/p>\n<h1 style=\"text-align: center;\">Escuela de Padres<\/h1>\n<p>Espacios de reflexi\u00f3n y apoyo para dar herramientas a las familias durante las distintas etapas educativas, desde la infancia a la adolescencia. Cada sesi\u00f3n tratamos una tem\u00e1tica diferente: Frustraci\u00f3n, autoestima, l\u00edmites, regulaci\u00f3n emocional\u2026<\/p>\n<p>[\/et_pb_text][\/et_pb_column][et_pb_column type=\u00bb1_3&#8243; _builder_version=\u00bb4.19.5&#8243; _module_preset=\u00bbdefault\u00bb global_colors_info=\u00bb{}\u00bb][et_pb_blurb alt=\u00bbBebes jugando con pelotas\u00bb icon_placement=\u00bbleft\u00bb font_icon_tablet=\u00bb,||divi||400&#8243; font_icon_phone=\u00bb,||divi||400&#8243; font_icon_last_edited=\u00bbon|desktop\u00bb disabled_on=\u00bboff|off|off\u00bb _builder_version=\u00bb4.20.2&#8243; _module_preset=\u00bbdefault\u00bb header_level=\u00bbh2&#8243; header_font=\u00bbVAGRoundedStd||||||||\u00bb header_text_align=\u00bbcenter\u00bb header_text_color=\u00bb#E87722&#8243; header_font_size=\u00bb39px\u00bb header_letter_spacing=\u00bb5px\u00bb header_line_height=\u00bb1.2em\u00bb body_text_color=\u00bb#FFFFFF\u00bb background_image=\u00bbhttps:\/\/www.eduqaterapias.es\/wp-content\/uploads\/2023\/04\/mamas_y_bebes-scaled.jpg\u00bb height=\u00bb325px\u00bb overflow-x=\u00bbhidden\u00bb overflow-y=\u00bbhidden\u00bb custom_margin=\u00bb0px||||false|false\u00bb custom_padding=\u00bb4%||||false|false\u00bb custom_padding_tablet=\u00bb89%||||false|false\u00bb custom_padding_phone=\u00bb89%||||false|false\u00bb custom_padding_last_edited=\u00bbon|desktop\u00bb mix_blend_mode=\u00bbsaturation\u00bb animation_style=\u00bbzoom\u00bb hover_transition_duration=\u00bb400ms\u00bb hover_transition_speed_curve=\u00bblinear\u00bb custom_css_main_element=\u00bbborder-radius: 25px;\u00bb header_text_shadow_style=\u00bbpreset5&#8243; header_text_shadow_color=\u00bb#000000&#8243; box_shadow_style=\u00bbpreset3&#8243; box_shadow_horizontal=\u00bb-12px\u00bb box_shadow_vertical=\u00bb0px\u00bb global_colors_info=\u00bb{}\u00bb font_icon__hover_enabled=\u00bbon|hover\u00bb font_icon__hover=\u00bbN||divi||400&#8243; background__hover_enabled=\u00bboff|desktop\u00bb use_background_color_gradient__hover=\u00bbon\u00bb background_color_gradient_stops__hover=\u00bb#d0d0ce 0%|rgba(0,0,0,0) 100%\u00bb background_color_gradient_direction__hover=\u00bb90deg\u00bb background_color_gradient_repeat__hover=\u00bboff\u00bb background_color_gradient_overlays_image__hover=\u00bbon\u00bb header_text_color__hover_enabled=\u00bbon|hover\u00bb header_text_color__hover=\u00bb#d0d0ce\u00bb custom_css_main_element__hover_enabled=\u00bbon|hover\u00bb custom_css_main_element__hover=\u00bbborder-radius: 25px;\u00bb content__hover_enabled=\u00bboff|desktop\u00bb custom_padding__hover_enabled=\u00bboff|desktop\u00bb custom_padding__hover=\u00bb4%||||false|false\u00bb][\/et_pb_blurb][et_pb_text _builder_version=\u00bb4.19.5&#8243; _module_preset=\u00bbdefault\u00bb text_text_color=\u00bb#000000&#8243; header_text_color=\u00bb#A6192E\u00bb header_font_size=\u00bb33px\u00bb global_colors_info=\u00bb{}\u00bb content__hover_enabled=\u00bboff|hover\u00bb content__hover=\u00bb<\/p>\n<h1 style=%22text-align: center;%22>Psicolog\u00eda educativa<\/h1>\n<p>Your content goes here. Edit or remove this text inline or in the module Content settings. You can also style every aspect of this content in the module Design settings and even apply custom CSS to this text in the module Advanced settings.<\/p>\n<p>\u00ab]<\/p>\n<h1 style=\"text-align: center;\">Mamas &amp; Bebes<\/h1>\n<p>Un espacio y un tiempo para la maternidad: Compartir, aprender y relacionarnos en compa\u00f1\u00eda de nuestros beb\u00e9s.<\/p>\n<p>[\/et_pb_text][\/et_pb_column][et_pb_column type=\u00bb1_3&#8243; _builder_version=\u00bb4.19.5&#8243; _module_preset=\u00bbdefault\u00bb global_colors_info=\u00bb{}\u00bb][et_pb_blurb alt=\u00bbMujer embarazada haciendo yoga\u00bb icon_placement=\u00bbleft\u00bb font_icon_tablet=\u00bb,||divi||400&#8243; font_icon_phone=\u00bb,||divi||400&#8243; font_icon_last_edited=\u00bbon|desktop\u00bb disabled_on=\u00bboff|off|off\u00bb _builder_version=\u00bb4.20.2&#8243; _module_preset=\u00bbdefault\u00bb header_level=\u00bbh2&#8243; header_font=\u00bbVAGRoundedStd||||||||\u00bb header_text_align=\u00bbcenter\u00bb header_text_color=\u00bb#E87722&#8243; header_font_size=\u00bb39px\u00bb header_letter_spacing=\u00bb5px\u00bb header_line_height=\u00bb1.2em\u00bb body_text_color=\u00bb#FFFFFF\u00bb background_image=\u00bbhttps:\/\/www.eduqaterapias.es\/wp-content\/uploads\/2023\/04\/mujer_embarazada_haciendo_yoga_pelota_azul-scaled.jpg\u00bb height=\u00bb325px\u00bb overflow-x=\u00bbhidden\u00bb overflow-y=\u00bbhidden\u00bb custom_margin=\u00bb0px||||false|false\u00bb custom_padding=\u00bb4%||||false|false\u00bb custom_padding_tablet=\u00bb89%||||false|false\u00bb custom_padding_phone=\u00bb89%||||false|false\u00bb custom_padding_last_edited=\u00bbon|desktop\u00bb mix_blend_mode=\u00bbsaturation\u00bb animation_style=\u00bbzoom\u00bb hover_transition_duration=\u00bb400ms\u00bb hover_transition_speed_curve=\u00bblinear\u00bb custom_css_main_element=\u00bbborder-radius: 25px;\u00bb header_text_shadow_style=\u00bbpreset5&#8243; header_text_shadow_color=\u00bb#000000&#8243; box_shadow_style=\u00bbpreset3&#8243; box_shadow_horizontal=\u00bb-12px\u00bb box_shadow_vertical=\u00bb0px\u00bb global_colors_info=\u00bb{}\u00bb font_icon__hover_enabled=\u00bbon|hover\u00bb font_icon__hover=\u00bbN||divi||400&#8243; background__hover_enabled=\u00bboff|desktop\u00bb use_background_color_gradient__hover=\u00bbon\u00bb background_color_gradient_stops__hover=\u00bb#d0d0ce 0%|rgba(0,0,0,0) 100%\u00bb background_color_gradient_direction__hover=\u00bb90deg\u00bb background_color_gradient_repeat__hover=\u00bboff\u00bb background_color_gradient_overlays_image__hover=\u00bbon\u00bb header_text_color__hover_enabled=\u00bbon|hover\u00bb header_text_color__hover=\u00bb#d0d0ce\u00bb custom_css_main_element__hover_enabled=\u00bbon|hover\u00bb custom_css_main_element__hover=\u00bbborder-radius: 25px;\u00bb content__hover_enabled=\u00bboff|desktop\u00bb custom_padding__hover_enabled=\u00bboff|desktop\u00bb custom_padding__hover=\u00bb4%||||false|false\u00bb][\/et_pb_blurb][et_pb_text _builder_version=\u00bb4.19.5&#8243; _module_preset=\u00bbdefault\u00bb text_text_color=\u00bb#000000&#8243; header_text_color=\u00bb#A6192E\u00bb header_font_size=\u00bb33px\u00bb global_colors_info=\u00bb{}\u00bb content__hover_enabled=\u00bboff|hover\u00bb content__hover=\u00bb<\/p>\n<h1 style=%22text-align: center;%22>Psicolog\u00eda educativa<\/h1>\n<p>Your content goes here. Edit or remove this text inline or in the module Content settings. You can also style every aspect of this content in the module Design settings and even apply custom CSS to this text in the module Advanced settings.<\/p>\n<p>\u00ab]<\/p>\n<h1 style=\"text-align: center;\">Taller Preparaci\u00f3n al Parto<\/h1>\n<p>Adem\u00e1s de los aspectos relativos al parto, postparto y cuidados del beb\u00e9, esta preparaci\u00f3n al parto incluye una perspectiva emocional de cara a afrontar la maternidad y la paternidad de manera integral.<\/p>\n<p>[\/et_pb_text][\/et_pb_column][\/et_pb_row][\/et_pb_section]<\/p>\n","protected":false},"excerpt":{"rendered":"<p>Servicios A familiasEscuela de Padres Espacios de reflexi\u00f3n y apoyo para dar herramientas a las familias durante las distintas etapas educativas, desde la infancia a la adolescencia. Cada sesi\u00f3n tratamos una tem\u00e1tica diferente: Frustraci\u00f3n, autoestima, l\u00edmites, regulaci\u00f3n emocional\u2026Mamas &amp; Bebes Un espacio y un tiempo para la maternidad: Compartir, aprender y relacionarnos en compa\u00f1\u00eda de [&hellip;]<\/p>\n","protected":false},"author":17,"featured_media":0,"parent":0,"menu_order":0,"comment_status":"closed","ping_status":"closed","template":"","meta":{"_et_pb_use_builder":"on","_et_pb_old_content":"","_et_gb_content_width":"","_monsterinsights_skip_tracking":false,"_monsterinsights_sitenote_active":false,"_monsterinsights_sitenote_note":"","_monsterinsights_sitenote_category":0,"footnotes":""},"class_list":["post-4633","page","type-page","status-publish","hentry"],"_links":{"self":[{"href":"https:\/\/www.eduqaterapias.es\/en\/wp-json\/wp\/v2\/pages\/4633","targetHints":{"allow":["GET"]}}],"collection":[{"href":"https:\/\/www.eduqaterapias.es\/en\/wp-json\/wp\/v2\/pages"}],"about":[{"href":"https:\/\/www.eduqaterapias.es\/en\/wp-json\/wp\/v2\/types\/page"}],"author":[{"embeddable":true,"href":"https:\/\/www.eduqaterapias.es\/en\/wp-json\/wp\/v2\/users\/17"}],"replies":[{"embeddable":true,"href":"https:\/\/www.eduqaterapias.es\/en\/wp-json\/wp\/v2\/comments?post=4633"}],"version-history":[{"count":36,"href":"https:\/\/www.eduqaterapias.es\/en\/wp-json\/wp\/v2\/pages\/4633\/revisions"}],"predecessor-version":[{"id":5420,"href":"https:\/\/www.eduqaterapias.es\/en\/wp-json\/wp\/v2\/pages\/4633\/revisions\/5420"}],"wp:attachment":[{"href":"https:\/\/www.eduqaterapias.es\/en\/wp-json\/wp\/v2\/media?parent=4633"}],"curies":[{"name":"wp","href":"https:\/\/api.w.org\/{rel}","templated":true}]}}