{"id":4621,"date":"2023-02-27T12:09:01","date_gmt":"2023-02-27T12:09:01","guid":{"rendered":"http:\/\/www.eduqaterapias.es\/?page_id=4621"},"modified":"2023-06-15T10:37:14","modified_gmt":"2023-06-15T10:37:14","slug":"como-trabajamos","status":"publish","type":"page","link":"https:\/\/www.eduqaterapias.es\/en\/como-trabajamos\/","title":{"rendered":"How we work"},"content":{"rendered":"<p>[et_pb_section fb_built=\u00bb1&#8243; _builder_version=\u00bb4.19.5&#8243; _module_preset=\u00bbdefault\u00bb background_color=\u00bb#D0D0CE\u00bb use_background_color_gradient=\u00bbon\u00bb background_color_gradient_stops=\u00bb#d0d0ce 0%|rgba(255,255,255,0.63) 100%\u00bb background_enable_image=\u00bboff\u00bb parallax=\u00bbon\u00bb custom_padding=\u00bb||54px|||\u00bb global_colors_info=\u00bb{}\u00bb][et_pb_row _builder_version=\u00bb4.19.5&#8243; _module_preset=\u00bbdefault\u00bb custom_margin=\u00bb||||false|false\u00bb custom_padding=\u00bb0px||0px||false|false\u00bb global_colors_info=\u00bb{}\u00bb][et_pb_column type=\u00bb4_4&#8243; _builder_version=\u00bb4.19.5&#8243; _module_preset=\u00bbdefault\u00bb global_colors_info=\u00bb{}\u00bb][et_pb_text _builder_version=\u00bb4.19.5&#8243; _module_preset=\u00bbdefault\u00bb text_font=\u00bbVAGRoundedStd||||||||\u00bb text_text_color=\u00bb#E87722&#8243; text_font_size=\u00bb25px\u00bb header_font=\u00bbVAGRoundedStd|700|||||||\u00bb header_text_color=\u00bb#A6192E\u00bb header_font_size=\u00bb50px\u00bb global_colors_info=\u00bb{}\u00bb]<\/p>\n<h1 style=\"text-align: center;\">Como trabajamos<\/h1>\n<p>[\/et_pb_text][\/et_pb_column][\/et_pb_row][et_pb_row _builder_version=\u00bb4.19.5&#8243; _module_preset=\u00bbdefault\u00bb global_colors_info=\u00bb{}\u00bb][et_pb_column type=\u00bb4_4&#8243; _builder_version=\u00bb4.19.5&#8243; _module_preset=\u00bbdefault\u00bb global_colors_info=\u00bb{}\u00bb][et_pb_image src=\u00bbhttps:\/\/www.eduqaterapias.es\/wp-content\/uploads\/2023\/03\/flujo_metodo_eduqa.svg\u00bb title_text=\u00bbflujo_metodo_eduqa\u00bb align=\u00bbcenter\u00bb _builder_version=\u00bb4.19.5&#8243; _module_preset=\u00bbdefault\u00bb width=\u00bb100%\u00bb max_width=\u00bb100%\u00bb custom_margin=\u00bb|0px||0px|false|false\u00bb custom_padding=\u00bb|0px||||\u00bb global_colors_info=\u00bb{}\u00bb][\/et_pb_image][\/et_pb_column][\/et_pb_row][et_pb_row _builder_version=\u00bb4.19.5&#8243; _module_preset=\u00bbdefault\u00bb global_colors_info=\u00bb{}\u00bb][et_pb_column type=\u00bb4_4&#8243; _builder_version=\u00bb4.19.5&#8243; _module_preset=\u00bbdefault\u00bb global_colors_info=\u00bb{}\u00bb][et_pb_text _builder_version=\u00bb4.20.2&#8243; _module_preset=\u00bbdefault\u00bb text_font=\u00bbRubik|300|||||||\u00bb text_font_size=\u00bb20px\u00bb global_colors_info=\u00bb{}\u00bb]<\/p>\n<h2 style=\"text-align: center;\">ENTREVISTA INICIAL<\/h2>\n<p style=\"text-align: justify;\">Realizamos una primera entrevista con los padres para concretar la situaci\u00f3n que les ha llevado a consulta, y para obtener informaci\u00f3n sobre el ni\u00f1o y su entorno m\u00e1s cercano. Tras esta primera entrevista, si los padres est\u00e1n conformes, concertamos una nueva cita para ver al ni\u00f1o y comenzar la fase de evaluaci\u00f3n.<\/p>\n<p style=\"text-align: justify;\">\n<h2 style=\"text-align: center;\">EVALUACI\u00d3N Y DIAGN\u00d3STICO<\/h2>\n<p style=\"text-align: justify;\">Realizamos una evaluaci\u00f3n con el\/la profesional o profesionales adecuado para el caso. Una vez detectado el problema y emitido el diagn\u00f3stico, realizamos la reuni\u00f3n de devoluci\u00f3n a los padres, donde se les hace entrega del informe de evaluaci\u00f3n con la propuesta del tratamiento a seguir.<\/p>\n<p style=\"text-align: center;\">\n<h2 style=\"text-align: center;\">INTERVENCI\u00d3N<\/h2>\n<p style=\"text-align: justify;\">Despu\u00e9s de haber evaluado al ni\u00f1o y valorado la situaci\u00f3n, establecemos las l\u00edneas de actuaci\u00f3n para cada caso concreto. Cada ni\u00f1o recibir\u00e1 un tratamiento individualizado y ajustado a sus caracter\u00edsticas personales y circunstanciales. La duraci\u00f3n y el precio de las sesiones depender\u00e1n del tipo de tratamiento.<\/p>\n<p style=\"text-align: center;\">\n<h2 style=\"text-align: center;\">SEGUIMIENTO Y FIN DEL TRATAMIENTO<\/h2>\n<p style=\"text-align: justify;\">A medida que avanza el tratamiento realizamos sesiones de intercambio de informaci\u00f3n con los padres, as\u00ed como un feedback diario del trabajo realizado en sesi\u00f3n. Tambi\u00e9n estamos en contacto con el centro escolar a lo largo de este proceso. En estas sesiones vamos replanteando objetivos a tratar hasta que alcanzamos todos los planteados y se propone la nalizaci\u00f3n del tratamiento analizando el estado actual del ni\u00f1o.<\/p>\n<p>[\/et_pb_text][\/et_pb_column][\/et_pb_row][\/et_pb_section]<\/p>\n","protected":false},"excerpt":{"rendered":"<p>Como trabajamosENTREVISTA INICIAL Realizamos una primera entrevista con los padres para concretar la situaci\u00f3n que les ha llevado a consulta, y para obtener informaci\u00f3n sobre el ni\u00f1o y su entorno m\u00e1s cercano. Tras esta primera entrevista, si los padres est\u00e1n conformes, concertamos una nueva cita para ver al ni\u00f1o y comenzar la fase de evaluaci\u00f3n. [&hellip;]<\/p>\n","protected":false},"author":17,"featured_media":0,"parent":0,"menu_order":0,"comment_status":"closed","ping_status":"closed","template":"","meta":{"_et_pb_use_builder":"on","_et_pb_old_content":"","_et_gb_content_width":"","_monsterinsights_skip_tracking":false,"_monsterinsights_sitenote_active":false,"_monsterinsights_sitenote_note":"","_monsterinsights_sitenote_category":0,"footnotes":""},"class_list":["post-4621","page","type-page","status-publish","hentry"],"_links":{"self":[{"href":"https:\/\/www.eduqaterapias.es\/en\/wp-json\/wp\/v2\/pages\/4621","targetHints":{"allow":["GET"]}}],"collection":[{"href":"https:\/\/www.eduqaterapias.es\/en\/wp-json\/wp\/v2\/pages"}],"about":[{"href":"https:\/\/www.eduqaterapias.es\/en\/wp-json\/wp\/v2\/types\/page"}],"author":[{"embeddable":true,"href":"https:\/\/www.eduqaterapias.es\/en\/wp-json\/wp\/v2\/users\/17"}],"replies":[{"embeddable":true,"href":"https:\/\/www.eduqaterapias.es\/en\/wp-json\/wp\/v2\/comments?post=4621"}],"version-history":[{"count":21,"href":"https:\/\/www.eduqaterapias.es\/en\/wp-json\/wp\/v2\/pages\/4621\/revisions"}],"predecessor-version":[{"id":5134,"href":"https:\/\/www.eduqaterapias.es\/en\/wp-json\/wp\/v2\/pages\/4621\/revisions\/5134"}],"wp:attachment":[{"href":"https:\/\/www.eduqaterapias.es\/en\/wp-json\/wp\/v2\/media?parent=4621"}],"curies":[{"name":"wp","href":"https:\/\/api.w.org\/{rel}","templated":true}]}}