{"id":3189,"date":"2022-07-19T15:31:30","date_gmt":"2022-07-19T15:31:30","guid":{"rendered":"http:\/\/www.eduqaterapias.es\/?page_id=3189"},"modified":"2024-02-12T15:42:34","modified_gmt":"2024-02-12T15:42:34","slug":"cumpleanos","status":"publish","type":"page","link":"https:\/\/www.eduqaterapias.es\/en\/cumpleanos\/","title":{"rendered":"Cumplea\u00f1os"},"content":{"rendered":"<p>[et_pb_section fb_built=\u00bb1&#8243; fullwidth=\u00bbon\u00bb admin_label=\u00bbHeader Section\u00bb _builder_version=\u00bb4.17.5&#8243; background_image=\u00bbhttp:\/\/www.eduqaterapias.es\/wp-content\/uploads\/2022\/07\/cabecera-cumpleanos.jpg\u00bb top_divider_color=\u00bbrgba(255,255,255,0.3)\u00bb top_divider_height=\u00bb100%\u00bb bottom_divider_height=\u00bb30px\u00bb global_colors_info=\u00bb{}\u00bb][et_pb_fullwidth_header title=\u00bbEduqa\u00bb subhead=\u00bbCumplea\u00f1os\u00bb text_orientation=\u00bbcenter\u00bb _builder_version=\u00bb4.17.6&#8243; title_level=\u00bbh2&#8243; title_font=\u00bbRubik|700||on|||||\u00bb title_text_color=\u00bb#ff7355&#8243; title_font_size=\u00bb16px\u00bb title_letter_spacing=\u00bb5px\u00bb title_line_height=\u00bb2em\u00bb content_font=\u00bbRubik||||||||\u00bb content_font_size=\u00bb18px\u00bb content_line_height=\u00bb2em\u00bb subhead_font=\u00bbVAGRoundedStd|700|||||||\u00bb subhead_text_color=\u00bbrgba(0,0,0,0.8)\u00bb subhead_font_size=\u00bb50px\u00bb subhead_line_height=\u00bb1.4em\u00bb background_color=\u00bbrgba(255,255,255,0)\u00bb use_background_color_gradient=\u00bbon\u00bb background_color_gradient_stops=\u00bbrgba(255,255,255,0.7) 0%|#ffffff 100%\u00bb background_color_gradient_start=\u00bbrgba(255,255,255,0.7)\u00bb background_color_gradient_end=\u00bb#ffffff\u00bb background_size=\u00bbcontain\u00bb background_position=\u00bbbottom_center\u00bb custom_button_one=\u00bbon\u00bb button_one_text_size=\u00bb16px\u00bb button_one_text_color=\u00bb#ffffff\u00bb button_one_bg_color=\u00bb#de7126&#8243; button_one_border_width=\u00bb15px\u00bb button_one_border_color=\u00bbrgba(210,159,104,0)\u00bb button_one_border_radius=\u00bb100px\u00bb button_one_letter_spacing=\u00bb0px\u00bb button_one_font=\u00bbRubik|700|||||||\u00bb button_one_use_icon=\u00bboff\u00bb custom_button_two=\u00bbon\u00bb button_two_text_size=\u00bb16px\u00bb button_two_text_color=\u00bb#ffffff\u00bb button_two_bg_color=\u00bbrgba(0,0,0,0.6)\u00bb button_two_border_width=\u00bb15px\u00bb button_two_border_color=\u00bbrgba(210,159,104,0)\u00bb button_two_border_radius=\u00bb100px\u00bb button_two_letter_spacing=\u00bb0px\u00bb button_two_font=\u00bbRubik|700|||||||\u00bb button_two_use_icon=\u00bboff\u00bb background_layout=\u00bblight\u00bb custom_margin=\u00bb|||\u00bb custom_padding=\u00bb4vw||4vw||false|false\u00bb animation_style=\u00bbslide\u00bb animation_direction=\u00bbbottom\u00bb animation_intensity_slide=\u00bb1%\u00bb subhead_font_size_tablet=\u00bb\u00bb subhead_font_size_phone=\u00bb30px\u00bb subhead_font_size_last_edited=\u00bbon|phone\u00bb button_one_border_radius_hover=\u00bb100px\u00bb button_two_border_radius_hover=\u00bb100px\u00bb button_one_bg_color_hover=\u00bb#ff8a70&#8243; button_two_bg_color_hover=\u00bb#ff8a70&#8243; global_colors_info=\u00bb{}\u00bb button_one_text_size__hover_enabled=\u00bboff\u00bb button_two_text_size__hover_enabled=\u00bboff\u00bb button_one_text_color__hover_enabled=\u00bboff\u00bb button_two_text_color__hover_enabled=\u00bboff\u00bb button_one_border_width__hover_enabled=\u00bboff\u00bb button_two_border_width__hover_enabled=\u00bboff\u00bb button_one_border_color__hover_enabled=\u00bboff\u00bb button_two_border_color__hover_enabled=\u00bboff\u00bb button_one_border_radius__hover_enabled=\u00bbon\u00bb button_one_border_radius__hover=\u00bb100px\u00bb button_two_border_radius__hover_enabled=\u00bbon\u00bb button_two_border_radius__hover=\u00bb100px\u00bb button_one_letter_spacing__hover_enabled=\u00bboff\u00bb button_two_letter_spacing__hover_enabled=\u00bboff\u00bb button_one_bg_color__hover_enabled=\u00bbon\u00bb button_one_bg_color__hover=\u00bb#ff8a70&#8243; button_two_bg_color__hover_enabled=\u00bbon\u00bb button_two_bg_color__hover=\u00bb#ff8a70&#8243;][\/et_pb_fullwidth_header][\/et_pb_section][et_pb_section fb_built=\u00bb1&#8243; background_color_gradient_end_1=\u00bb#c7cbd4&#8243; admin_label=\u00bbFeature\u00bb _builder_version=\u00bb4.16&#8243; background_color=\u00bb#7f5aff\u00bb custom_padding=\u00bb0|0px|0|0px|false|false\u00bb locked=\u00bboff\u00bb global_colors_info=\u00bb{}\u00bb][et_pb_row column_structure=\u00bb1_2,1_2&#8243; use_custom_gutter=\u00bbon\u00bb gutter_width=\u00bb1&#8243; make_equal=\u00bbon\u00bb padding_top_bottom_link_1=\u00bbtrue\u00bb padding_top_bottom_link_2=\u00bbtrue\u00bb module_class=\u00bb et_pb_row_fullwidth\u00bb _builder_version=\u00bb4.17.3&#8243; width=\u00bb100%\u00bb width_tablet=\u00bb100%\u00bb width_phone=\u00bb100%\u00bb width_last_edited=\u00bbon|desktop\u00bb max_width=\u00bb100%\u00bb max_width_tablet=\u00bb100%\u00bb max_width_phone=\u00bb100%\u00bb max_width_last_edited=\u00bbon|desktop\u00bb custom_padding=\u00bb0px|0px|0px|0px\u00bb make_fullwidth=\u00bbon\u00bb global_colors_info=\u00bb{}\u00bb][et_pb_column type=\u00bb1_2&#8243; _builder_version=\u00bb4.16&#8243; background_color=\u00bb#ac1f2d\u00bb custom_padding=\u00bb120px|80px|120px|10%\u00bb custom_padding_tablet=\u00bb|10%||10%||true\u00bb custom_padding_phone=\u00bb|10%||10%||true\u00bb custom_padding_last_edited=\u00bbon|tablet\u00bb global_colors_info=\u00bb{}\u00bb padding_tablet=\u00bb|10%||10%||true\u00bb padding_last_edited=\u00bbon|tablet\u00bb custom_padding__hover=\u00bb|||\u00bb padding_phone=\u00bb|10%||10%||true\u00bb][et_pb_text admin_label=\u00bbTitle\u00bb _builder_version=\u00bb4.17.6&#8243; text_font=\u00bbRubik|500|||||||\u00bb text_font_size=\u00bb16px\u00bb text_line_height=\u00bb2em\u00bb quote_font=\u00bb||||||||\u00bb header_font=\u00bb||||||||\u00bb header_2_font=\u00bbVAGRoundedStd|700||on|||||\u00bb header_2_font_size=\u00bb40px\u00bb header_2_letter_spacing=\u00bb6px\u00bb header_2_line_height=\u00bb1.4em\u00bb header_5_font=\u00bbRubik|700||on|||||\u00bb header_5_text_color=\u00bb#ff9c02&#8243; header_5_letter_spacing=\u00bb5px\u00bb header_5_line_height=\u00bb1.2em\u00bb background_layout=\u00bbdark\u00bb max_width=\u00bb600px\u00bb max_width_tablet=\u00bb\u00bb max_width_phone=\u00bb\u00bb max_width_last_edited=\u00bbon|phone\u00bb custom_margin=\u00bb|||\u00bb custom_margin_tablet=\u00bb|70px||70px\u00bb custom_margin_phone=\u00bb|50px||50px\u00bb custom_margin_last_edited=\u00bboff|desktop\u00bb custom_padding=\u00bb|||\u00bb text_line_height_last_edited=\u00bboff|desktop\u00bb header_2_font_size_tablet=\u00bb\u00bb header_2_font_size_phone=\u00bb30px\u00bb header_2_font_size_last_edited=\u00bbon|phone\u00bb locked=\u00bboff\u00bb inline_fonts=\u00bbSacramento\u00bb global_colors_info=\u00bb{}\u00bb]<\/p>\n<h2>\u00bfQuieres disfrutar de tu cumplea\u00f1os en eduqa?<\/h2>\n<p>Organizamos la fiesta de cumplea\u00f1os de los m\u00e1s peque\u00f1os de la casa para que sea un d\u00eda inolvidable<\/p>\n<p>Al mejor estilo vaquero, rodeado de hadas en el bosque encantado o podemos ver pr\u00edncipes o princesas de cuento. Vosotros eleg\u00eds el tema y nosotros nos encargamos de todo lo dem\u00e1s: animaci\u00f3n, m\u00fasica, merienda, tarta,&#8230; y mucha, mucha diversi\u00f3n.<\/p>\n<p>[\/et_pb_text][et_pb_button button_url=\u00bbhttp:\/\/www.eduqaterapias.es\/wp-content\/uploads\/2022\/08\/Cumplean\u0303os-eduqa.pdf\u00bb url_new_window=\u00bbon\u00bb button_text=\u00bbFicha infomativa\u00bb _builder_version=\u00bb4.17.6&#8243; _module_preset=\u00bbdefault\u00bb custom_button=\u00bbon\u00bb button_text_size=\u00bb16px\u00bb button_text_color=\u00bb#FFFFFF\u00bb button_bg_color=\u00bb#E87722&#8243; button_border_color=\u00bb#E87722&#8243; button_icon=\u00bb&#x22;||divi||400&#8243; custom_margin=\u00bb20px||||false|false\u00bb custom_padding=\u00bb||||false|false\u00bb global_colors_info=\u00bb{}\u00bb][\/et_pb_button][\/et_pb_column][et_pb_column type=\u00bb1_2&#8243; _builder_version=\u00bb4.17.3&#8243; background_color_gradient_direction=\u00bb90deg\u00bb background_color_gradient_start=\u00bb#ff7355&#8243; background_color_gradient_end=\u00bbrgba(255,115,85,0.6)\u00bb background_image=\u00bbhttp:\/\/www.eduqaterapias.es\/wp-content\/uploads\/2022\/07\/foto-cumple.jpg\u00bb custom_padding=\u00bb120px|10%|120px|80px\u00bb custom_padding_tablet=\u00bb|10%||10%||true\u00bb custom_padding_phone=\u00bb|10%||10%||true\u00bb custom_padding_last_edited=\u00bbon|tablet\u00bb global_colors_info=\u00bb{}\u00bb padding_tablet=\u00bb|10%||10%||true\u00bb padding_last_edited=\u00bbon|tablet\u00bb custom_padding__hover=\u00bb|||\u00bb padding_phone=\u00bb|10%||10%||true\u00bb][et_pb_divider color=\u00bbrgba(0,0,0,0)\u00bb _builder_version=\u00bb4.16&#8243; height=\u00bb200px\u00bb locked=\u00bboff\u00bb global_colors_info=\u00bb{}\u00bb][\/et_pb_divider][\/et_pb_column][\/et_pb_row][\/et_pb_section][et_pb_section fb_built=\u00bb1&#8243; admin_label=\u00bbPrograms\u00bb _builder_version=\u00bb4.16&#8243; _module_preset=\u00bbdefault\u00bb background_size=\u00bbinitial\u00bb custom_padding=\u00bb0px|0px|0px|0px|true|false\u00bb global_colors_info=\u00bb{}\u00bb][et_pb_row column_structure=\u00bb1_3,1_3,1_3&#8243; _builder_version=\u00bb4.16&#8243; _module_preset=\u00bbdefault\u00bb custom_margin=\u00bb|||\u00bb custom_padding=\u00bb|||\u00bb global_colors_info=\u00bb{}\u00bb][et_pb_column type=\u00bb1_3&#8243; _builder_version=\u00bb4.16&#8243; _module_preset=\u00bbdefault\u00bb custom_padding=\u00bb|||\u00bb global_colors_info=\u00bb{}\u00bb custom_padding__hover=\u00bb|||\u00bb][et_pb_blurb title=\u00bbA medida\u00bb use_icon=\u00bbon\u00bb font_icon=\u00bb&#x52;||divi||400&#8243; icon_color=\u00bb#E87722&#8243; icon_placement=\u00bbleft\u00bb image_icon_width=\u00bb32px\u00bb _builder_version=\u00bb4.17.6&#8243; _module_preset=\u00bbdefault\u00bb header_font=\u00bbVAGRoundedStd|500|||||||\u00bb header_font_size=\u00bb20px\u00bb header_line_height=\u00bb1.7em\u00bb body_font=\u00bbRubik||||||||\u00bb body_line_height=\u00bb2em\u00bb custom_margin=\u00bb|||\u00bb custom_padding=\u00bb30px|30px|30px|30px|true|true\u00bb animation_style=\u00bbzoom\u00bb animation_intensity_zoom=\u00bb10%\u00bb border_radii=\u00bbon|5px|5px|5px|5px\u00bb border_color_all=\u00bb#E87722&#8243; border_width_top=\u00bb10px\u00bb box_shadow_style=\u00bbpreset1&#8243; box_shadow_vertical=\u00bb20px\u00bb box_shadow_blur=\u00bb45px\u00bb box_shadow_spread=\u00bb-5px\u00bb box_shadow_color=\u00bbrgba(0,0,0,0.07)\u00bb icon_font_size=\u00bb32px\u00bb global_colors_info=\u00bb{}\u00bb]<\/p>\n<p>Nos adaptamos a tus deseos<\/p>\n<p>[\/et_pb_blurb][\/et_pb_column][et_pb_column type=\u00bb1_3&#8243; _builder_version=\u00bb4.16&#8243; _module_preset=\u00bbdefault\u00bb custom_padding=\u00bb|||\u00bb global_colors_info=\u00bb{}\u00bb custom_padding__hover=\u00bb|||\u00bb][et_pb_blurb title=\u00bbExclusivos\u00bb use_icon=\u00bbon\u00bb font_icon=\u00bb&#xe008;||divi||400&#8243; icon_color=\u00bb#E87722&#8243; icon_placement=\u00bbleft\u00bb image_icon_width=\u00bb32px\u00bb _builder_version=\u00bb4.17.3&#8243; _module_preset=\u00bbdefault\u00bb header_font=\u00bbVAGRoundedStd|500|||||||\u00bb header_font_size=\u00bb20px\u00bb header_line_height=\u00bb1.7em\u00bb body_font=\u00bbRubik||||||||\u00bb body_line_height=\u00bb2em\u00bb custom_margin=\u00bb|||\u00bb custom_padding=\u00bb30px|30px|30px|30px|true|true\u00bb animation_style=\u00bbzoom\u00bb animation_intensity_zoom=\u00bb10%\u00bb border_radii=\u00bbon|5px|5px|5px|5px\u00bb border_color_all=\u00bb#E87722&#8243; border_width_top=\u00bb10px\u00bb box_shadow_style=\u00bbpreset1&#8243; box_shadow_vertical=\u00bb20px\u00bb box_shadow_blur=\u00bb45px\u00bb box_shadow_spread=\u00bb-5px\u00bb box_shadow_color=\u00bbrgba(0,0,0,0.07)\u00bb icon_font_size=\u00bb32px\u00bb global_colors_info=\u00bb{}\u00bb]Solo celebramos 1 cumplea\u00f1os a la vez[\/et_pb_blurb][\/et_pb_column][et_pb_column type=\u00bb1_3&#8243; _builder_version=\u00bb4.16&#8243; _module_preset=\u00bbdefault\u00bb custom_padding=\u00bb|||\u00bb global_colors_info=\u00bb{}\u00bb custom_padding__hover=\u00bb|||\u00bb][et_pb_blurb title=\u00bbPara ni\u00f1os de 1 a 10 a\u00f1os\u00bb use_icon=\u00bbon\u00bb font_icon=\u00bb&#xf581;||fa||400&#8243; icon_color=\u00bb#E87722&#8243; icon_placement=\u00bbleft\u00bb image_icon_width=\u00bb32px\u00bb _builder_version=\u00bb4.17.3&#8243; _module_preset=\u00bbdefault\u00bb header_font=\u00bbVAGRoundedStd|500|||||||\u00bb header_font_size=\u00bb20px\u00bb header_line_height=\u00bb1.7em\u00bb body_font=\u00bbRubik||||||||\u00bb body_line_height=\u00bb2em\u00bb custom_margin=\u00bb|||\u00bb custom_padding=\u00bb30px|30px|30px|30px|true|true\u00bb animation_style=\u00bbzoom\u00bb animation_intensity_zoom=\u00bb10%\u00bb border_radii=\u00bbon|5px|5px|5px|5px\u00bb border_color_all=\u00bb#E87722&#8243; border_width_top=\u00bb10px\u00bb box_shadow_style=\u00bbpreset1&#8243; box_shadow_vertical=\u00bb20px\u00bb box_shadow_blur=\u00bb45px\u00bb box_shadow_spread=\u00bb-5px\u00bb box_shadow_color=\u00bbrgba(0,0,0,0.07)\u00bb icon_font_size=\u00bb32px\u00bb global_colors_info=\u00bb{}\u00bb]Somos especialistas en la infancia[\/et_pb_blurb][\/et_pb_column][\/et_pb_row][\/et_pb_section][et_pb_section fb_built=\u00bb1&#8243; admin_label=\u00bbPrograms\u00bb _builder_version=\u00bb4.17.3&#8243; _module_preset=\u00bbdefault\u00bb background_size=\u00bbinitial\u00bb custom_padding=\u00bb4px|0px|54px|0px|false|false\u00bb global_colors_info=\u00bb{}\u00bb][et_pb_row _builder_version=\u00bb4.16&#8243; _module_preset=\u00bbdefault\u00bb global_colors_info=\u00bb{}\u00bb][et_pb_column type=\u00bb4_4&#8243; _builder_version=\u00bb4.16&#8243; _module_preset=\u00bbdefault\u00bb custom_padding=\u00bb|||\u00bb global_colors_info=\u00bb{}\u00bb custom_padding__hover=\u00bb|||\u00bb][et_pb_blurb title=\u00bbContamos con:\u00bb use_icon=\u00bbon\u00bb font_icon=\u00bb&#x5a;||divi||400&#8243; icon_color=\u00bb#ff7355&#8243; image_icon_width=\u00bb32px\u00bb _builder_version=\u00bb4.17.6&#8243; _module_preset=\u00bbdefault\u00bb header_font=\u00bbVAGRoundedStd|700||on|||||\u00bb header_text_color=\u00bb#E87722&#8243; header_font_size=\u00bb20px\u00bb header_letter_spacing=\u00bb5px\u00bb header_line_height=\u00bb1.4em\u00bb text_orientation=\u00bbcenter\u00bb custom_margin=\u00bb||0px|\u00bb icon_font_size=\u00bb32px\u00bb locked=\u00bboff\u00bb global_colors_info=\u00bb{}\u00bb][\/et_pb_blurb][\/et_pb_column][\/et_pb_row][et_pb_row _builder_version=\u00bb4.17.3&#8243; _module_preset=\u00bbdefault\u00bb background_color=\u00bb#A6192E\u00bb width=\u00bb40%\u00bb animation_style=\u00bbslide\u00bb box_shadow_style=\u00bbpreset1&#8243; global_colors_info=\u00bb{}\u00bb][et_pb_column type=\u00bb4_4&#8243; _builder_version=\u00bb4.17.3&#8243; _module_preset=\u00bbdefault\u00bb global_colors_info=\u00bb{}\u00bb][et_pb_text _builder_version=\u00bb4.17.3&#8243; _module_preset=\u00bbdefault\u00bb text_font=\u00bbRubik||||||||\u00bb text_text_color=\u00bb#FFFFFF\u00bb text_orientation=\u00bbcenter\u00bb width=\u00bb80%\u00bb module_alignment=\u00bbcenter\u00bb custom_margin=\u00bb||25px||false|false\u00bb custom_padding=\u00bb||10px||false|false\u00bb border_width_bottom=\u00bb3px\u00bb border_color_bottom=\u00bb#E87722&#8243; global_colors_info=\u00bb{}\u00bb]Local y jardines separados para la celebraci\u00f3n[\/et_pb_text][et_pb_text _builder_version=\u00bb4.17.3&#8243; _module_preset=\u00bbdefault\u00bb text_font=\u00bbRubik||||||||\u00bb text_text_color=\u00bb#FFFFFF\u00bb text_orientation=\u00bbcenter\u00bb width=\u00bb80%\u00bb module_alignment=\u00bbcenter\u00bb custom_margin=\u00bb||25px||false|false\u00bb custom_padding=\u00bb||10px||false|false\u00bb border_width_bottom=\u00bb3px\u00bb border_color_bottom=\u00bb#E87722&#8243; global_colors_info=\u00bb{}\u00bb]Actividades y animaciones adaptadas a su edad[\/et_pb_text][et_pb_text _builder_version=\u00bb4.17.3&#8243; _module_preset=\u00bbdefault\u00bb text_font=\u00bbRubik||||||||\u00bb text_text_color=\u00bb#FFFFFF\u00bb text_orientation=\u00bbcenter\u00bb width=\u00bb80%\u00bb module_alignment=\u00bbcenter\u00bb custom_margin=\u00bb||25px||false|false\u00bb custom_padding=\u00bb||10px||false|false\u00bb border_width_bottom=\u00bb3px\u00bb border_color_bottom=\u00bb#E87722&#8243; global_colors_info=\u00bb{}\u00bb]Celebraci\u00f3n en exterior y\/o interior[\/et_pb_text][et_pb_text _builder_version=\u00bb4.17.3&#8243; _module_preset=\u00bbdefault\u00bb text_font=\u00bbRubik||||||||\u00bb text_text_color=\u00bb#FFFFFF\u00bb text_orientation=\u00bbcenter\u00bb width=\u00bb80%\u00bb module_alignment=\u00bbcenter\u00bb custom_margin=\u00bb||25px||false|false\u00bb custom_padding=\u00bb||10px||false|false\u00bb border_width_bottom=\u00bb3px\u00bb border_color_bottom=\u00bb#E87722&#8243; global_colors_info=\u00bb{}\u00bb]Merienda, tarta, pi\u00f1ata y muchas cosas m\u00e1s[\/et_pb_text][\/et_pb_column][\/et_pb_row][\/et_pb_section]<\/p>\n","protected":false},"excerpt":{"rendered":"<p>\u00bfQuieres disfrutar de tu cumplea\u00f1os en eduqa? Organizamos la fiesta de cumplea\u00f1os de los m\u00e1s peque\u00f1os de la casa para que sea un d\u00eda inolvidable Al mejor estilo vaquero, rodeado de hadas en el bosque encantado o podemos ver pr\u00edncipes o princesas de cuento. Vosotros eleg\u00eds el tema y nosotros nos encargamos de todo lo [&hellip;]<\/p>\n","protected":false},"author":17,"featured_media":0,"parent":0,"menu_order":0,"comment_status":"closed","ping_status":"closed","template":"","meta":{"_et_pb_use_builder":"on","_et_pb_old_content":"","_et_gb_content_width":"","_monsterinsights_skip_tracking":false,"_monsterinsights_sitenote_active":false,"_monsterinsights_sitenote_note":"","_monsterinsights_sitenote_category":0,"footnotes":""},"class_list":["post-3189","page","type-page","status-publish","hentry"],"_links":{"self":[{"href":"https:\/\/www.eduqaterapias.es\/en\/wp-json\/wp\/v2\/pages\/3189","targetHints":{"allow":["GET"]}}],"collection":[{"href":"https:\/\/www.eduqaterapias.es\/en\/wp-json\/wp\/v2\/pages"}],"about":[{"href":"https:\/\/www.eduqaterapias.es\/en\/wp-json\/wp\/v2\/types\/page"}],"author":[{"embeddable":true,"href":"https:\/\/www.eduqaterapias.es\/en\/wp-json\/wp\/v2\/users\/17"}],"replies":[{"embeddable":true,"href":"https:\/\/www.eduqaterapias.es\/en\/wp-json\/wp\/v2\/comments?post=3189"}],"version-history":[{"count":7,"href":"https:\/\/www.eduqaterapias.es\/en\/wp-json\/wp\/v2\/pages\/3189\/revisions"}],"predecessor-version":[{"id":4423,"href":"https:\/\/www.eduqaterapias.es\/en\/wp-json\/wp\/v2\/pages\/3189\/revisions\/4423"}],"wp:attachment":[{"href":"https:\/\/www.eduqaterapias.es\/en\/wp-json\/wp\/v2\/media?parent=3189"}],"curies":[{"name":"wp","href":"https:\/\/api.w.org\/{rel}","templated":true}]}}