{"id":2440,"date":"2017-07-24T12:46:21","date_gmt":"2017-07-24T12:46:21","guid":{"rendered":"http:\/\/www.eduqaterapias.es\/aviso-legal\/"},"modified":"2022-10-17T08:32:48","modified_gmt":"2022-10-17T08:32:48","slug":"privacy-policy","status":"publish","type":"page","link":"https:\/\/www.eduqaterapias.es\/en\/privacy-policy\/","title":{"rendered":"POL\u00cdTICA DE PRIVACIDAD"},"content":{"rendered":"<p>[et_pb_section fb_built=\u00bb1&#8243; _builder_version=\u00bb4.16&#8243; global_colors_info=\u00bb{}\u00bb][et_pb_row _builder_version=\u00bb4.16&#8243; background_size=\u00bbinitial\u00bb background_position=\u00bbtop_left\u00bb background_repeat=\u00bbrepeat\u00bb global_colors_info=\u00bb{}\u00bb][et_pb_column type=\u00bb4_4&#8243; _builder_version=\u00bb4.16&#8243; custom_padding=\u00bb|||\u00bb global_colors_info=\u00bb{}\u00bb custom_padding__hover=\u00bb|||\u00bb][et_pb_text _builder_version=\u00bb4.18.0&#8243; background_size=\u00bbinitial\u00bb background_position=\u00bbtop_left\u00bb background_repeat=\u00bbrepeat\u00bb hover_enabled=\u00bb0&#8243; global_colors_info=\u00bb{}\u00bb header_font_size=\u00bb100px\u00bb header_text_align=\u00bbcenter\u00bb sticky_enabled=\u00bb0&#8243;]<\/p>\n<p>&nbsp;<\/p>\n<h1 style=\"text-align: center;\">POL\u00cdTICA DE PRIVACIDAD<\/h1>\n<p><strong>eduqa TRABAJO Y FAMILIA S.L.<\/strong> realiza los tratamientos de datos de car\u00e1cter personal que se relacionan a continuaci\u00f3n. Clicando sobre cada uno de ellos puede consultar su correspondiente informaci\u00f3n sobre protecci\u00f3n de datos del tratamiento:<\/p>\n<p><a href=\"http:\/\/www.eduqaterapias.es\/wp-content\/uploads\/2017\/07\/TUTORES-Y-MENORES.pdf\">TUTORES Y MENORES<\/a><br \/><a href=\"http:\/\/www.eduqaterapias.es\/wp-content\/uploads\/2017\/07\/EMPLEADOS-1.pdf\">EMPLEADOS<\/a><br \/><a href=\"http:\/\/www.eduqaterapias.es\/wp-content\/uploads\/2017\/07\/CONTACTOS.pdf\">CONTACTOS<\/a><br \/><a href=\"http:\/\/www.eduqaterapias.es\/wp-content\/uploads\/2017\/07\/CANDIDATOS.pdf\">CANDIDATOS<\/a><br \/><a href=\"http:\/\/www.eduqaterapias.es\/wp-content\/uploads\/2017\/07\/PROVEEDORES.pdf\">PROVEEDORES<\/a><\/p>\n<p>[\/et_pb_text][\/et_pb_column][\/et_pb_row][\/et_pb_section]<\/p>\n","protected":false},"excerpt":{"rendered":"<p>&nbsp; POL\u00cdTICA DE PRIVACIDAD eduqa TRABAJO Y FAMILIA S.L. realiza los tratamientos de datos de car\u00e1cter personal que se relacionan a continuaci\u00f3n. Clicando sobre cada uno de ellos puede consultar su correspondiente informaci\u00f3n sobre protecci\u00f3n de datos del tratamiento: TUTORES Y MENORESEMPLEADOSCONTACTOSCANDIDATOSPROVEEDORES<\/p>","protected":false},"author":17,"featured_media":0,"parent":0,"menu_order":0,"comment_status":"closed","ping_status":"closed","template":"","meta":{"_et_pb_use_builder":"on","_et_pb_old_content":"","_et_gb_content_width":"","_monsterinsights_skip_tracking":false,"_monsterinsights_sitenote_active":false,"_monsterinsights_sitenote_note":"","_monsterinsights_sitenote_category":0,"footnotes":""},"class_list":["post-2440","page","type-page","status-publish","hentry"],"_links":{"self":[{"href":"https:\/\/www.eduqaterapias.es\/en\/wp-json\/wp\/v2\/pages\/2440","targetHints":{"allow":["GET"]}}],"collection":[{"href":"https:\/\/www.eduqaterapias.es\/en\/wp-json\/wp\/v2\/pages"}],"about":[{"href":"https:\/\/www.eduqaterapias.es\/en\/wp-json\/wp\/v2\/types\/page"}],"author":[{"embeddable":true,"href":"https:\/\/www.eduqaterapias.es\/en\/wp-json\/wp\/v2\/users\/17"}],"replies":[{"embeddable":true,"href":"https:\/\/www.eduqaterapias.es\/en\/wp-json\/wp\/v2\/comments?post=2440"}],"version-history":[{"count":8,"href":"https:\/\/www.eduqaterapias.es\/en\/wp-json\/wp\/v2\/pages\/2440\/revisions"}],"predecessor-version":[{"id":4361,"href":"https:\/\/www.eduqaterapias.es\/en\/wp-json\/wp\/v2\/pages\/2440\/revisions\/4361"}],"wp:attachment":[{"href":"https:\/\/www.eduqaterapias.es\/en\/wp-json\/wp\/v2\/media?parent=2440"}],"curies":[{"name":"wp","href":"https:\/\/api.w.org\/{rel}","templated":true}]}}